{"id":230,"date":"2018-01-10T14:15:28","date_gmt":"2018-01-10T14:15:28","guid":{"rendered":"http:\/\/bridge129.qodeinteractive.com\/?page_id=4"},"modified":"2025-06-25T14:36:43","modified_gmt":"2025-06-25T14:36:43","slug":"anasayfa","status":"publish","type":"page","link":"https:\/\/omcarlogistics.com\/","title":{"rendered":"Anasayfa"},"content":{"rendered":"<p>[vc_row css_animation=&#8221;&#8221; row_type=&#8221;row&#8221; use_row_as_full_screen_section=&#8221;no&#8221; type=&#8221;full_width&#8221; angled_section=&#8221;no&#8221; text_align=&#8221;left&#8221; background_image_as_pattern=&#8221;without_pattern&#8221; z_index=&#8221;&#8221;][vc_column][rev_slider_vc alias=&#8221;home-slider&#8221;][\/vc_column][\/vc_row][vc_row css_animation=&#8221;&#8221; row_type=&#8221;row&#8221; use_row_as_full_screen_section=&#8221;no&#8221; type=&#8221;grid&#8221; angled_section=&#8221;no&#8221; text_align=&#8221;center&#8221; background_image_as_pattern=&#8221;without_pattern&#8221; z_index=&#8221;&#8221; css=&#8221;.vc_custom_1515744295490{background-color: #ecebeb !important;}&#8221;][vc_column css=&#8221;.vc_custom_1515594685991{margin-top: -14% !important;}&#8221;][vc_row_inner row_type=&#8221;row&#8221; type=&#8221;full_width&#8221; text_align=&#8221;center&#8221; css_animation=&#8221;&#8221;][vc_column_inner offset=&#8221;vc_col-md-4&#8243;][qode_elements_holder number_of_columns=&#8221;one_column&#8221;][qode_elements_holder_item background_color=&#8221;#ffffff&#8221; item_padding=&#8221;13% 11% 13% 11%&#8221; advanced_animations=&#8221;no&#8221;][vc_single_image image=&#8221;277&#8243; img_size=&#8221;full&#8221; alignment=&#8221;center&#8221; qode_css_animation=&#8221;&#8221;][vc_empty_space height=&#8221;34px&#8221;][vc_column_text]<\/p>\n<h2>G\u00fcvenli Depolama<\/h2>\n<p>[\/vc_column_text][vc_empty_space height=&#8221;13px&#8221;][vc_column_text]Omcar Logistics olarak \u00fcr\u00fcnlerinizi g\u00fcvenli bir \u015fekilde depoluyoruz. En geli\u015fmi\u015f depolama hizmetlerimiz hakk\u0131nda bilgi almak i\u00e7in bizimle ileti\u015fime ge\u00e7ebilirsiniz.[\/vc_column_text][\/qode_elements_holder_item][\/qode_elements_holder][vc_empty_space height=&#8221;30px&#8221;][\/vc_column_inner][vc_column_inner offset=&#8221;vc_col-md-4&#8243;][qode_elements_holder number_of_columns=&#8221;one_column&#8221;][qode_elements_holder_item background_color=&#8221;#ffffff&#8221; item_padding=&#8221;13% 11% 13% 11%&#8221; advanced_animations=&#8221;no&#8221;][vc_single_image image=&#8221;278&#8243; img_size=&#8221;full&#8221; alignment=&#8221;center&#8221; qode_css_animation=&#8221;&#8221;][vc_empty_space height=&#8221;31px&#8221;][vc_column_text]<\/p>\n<h2>Profesyonel Da\u011f\u0131t\u0131m<\/h2>\n<p>[\/vc_column_text][vc_empty_space height=&#8221;13px&#8221;][vc_column_text]AVM i\u00e7i da\u011f\u0131t\u0131m hizmetlerini, alan\u0131nda uzman kadromuz ile g\u00fcvenle yap\u0131yoruz.[\/vc_column_text][vc_empty_space height=&#8221;54px&#8221;][\/qode_elements_holder_item][\/qode_elements_holder][vc_empty_space height=&#8221;30px&#8221;][\/vc_column_inner][vc_column_inner offset=&#8221;vc_col-md-4&#8243;][qode_elements_holder number_of_columns=&#8221;one_column&#8221;][qode_elements_holder_item background_color=&#8221;#28803e&#8221; item_padding=&#8221;13% 11% 13% 11%&#8221; advanced_animations=&#8221;no&#8221; item_padding_768_1024=&#8221;19% 11% 55px 11%&#8221;][vc_empty_space height=&#8221;25px&#8221;][vc_column_text]<\/p>\n<h3><span style=\"color: #ffffff;\">AVM i\u00e7i profesyonel da\u011f\u0131t\u0131m hizmeti almak istiyorsan\u0131z bizlerle ileti\u015fime ge\u00e7ebilirsiniz.<\/span><\/h3>\n<p>[\/vc_column_text][vc_empty_space height=&#8221;44px&#8221;]<a  itemprop=\"url\" href=\"https:\/\/omcarlogistics.com\/index.php\/iletisim\/\" target=\"_self\" data-hover-background-color=#1a1a1a data-hover-border-color=#1a1a1a data-hover-color=#ffffff class=\"qbutton  default\" style=\"color: #1a1a1a; border-color: #ffffff; background-color: #ffffff;\">\u0130LET\u0130\u015e\u0130M<\/a>[vc_empty_space height=&#8221;22px&#8221;][\/qode_elements_holder_item][\/qode_elements_holder][\/vc_column_inner][\/vc_row_inner][\/vc_column][\/vc_row][vc_row css_animation=&#8221;&#8221; row_type=&#8221;row&#8221; use_row_as_full_screen_section=&#8221;no&#8221; type=&#8221;grid&#8221; angled_section=&#8221;no&#8221; text_align=&#8221;center&#8221; background_image_as_pattern=&#8221;without_pattern&#8221; padding_top=&#8221;87&#8243; padding_bottom=&#8221;65&#8243; z_index=&#8221;&#8221; css=&#8221;.vc_custom_1515744306795{background-color: #ecebeb !important;}&#8221;][vc_column width=&#8221;2\/3&#8243; offset=&#8221;vc_col-sm-offset-2&#8243;][vc_column_text]<\/p>\n<h1>Neler Yap\u0131yoruz<\/h1>\n<p>[\/vc_column_text][vc_separator type=&#8221;small&#8221; position=&#8221;center&#8221; color=&#8221;#28803e&#8221; thickness=&#8221;4&#8243; width=&#8221;48&#8243; up=&#8221;17&#8243; down=&#8221;25&#8243;][vc_column_text]Omcar Logistics olarak, AVM ve perakende sekt\u00f6r\u00fcne sundu\u011fumuz ta\u015f\u0131mac\u0131l\u0131k hizmetleri ile m\u00fc\u015fterilerimizin t\u00fcm i\u015f s\u00fcre\u00e7lerini ; h\u0131zl\u0131, eksiksiz ve g\u00fcven i\u00e7erisinde ger\u00e7ekle\u015ftiriyoruz. Ta\u015f\u0131mac\u0131l\u0131k alan\u0131nda m\u00fc\u015fterilerimizin gereksinimlerine uygun, proaktif \u00e7\u00f6z\u00fcmler \u00fcreterek, \u00fcr\u00fcnlerin belirlenen zaman periyotlar\u0131nda sat\u0131\u015f noktalar\u0131na ula\u015fmas\u0131n\u0131 sa\u011fl\u0131yoruz. Omcar Logistics&#8217;in uzman personeli taraf\u0131ndan yap\u0131lan bu da\u011f\u0131t\u0131mlar\u0131, al\u0131c\u0131 noktalar\u0131n beklentileri dahilinde ta\u015f\u0131yarak, g\u00fcvenle teslim ediyoruz.[\/vc_column_text][\/vc_column][\/vc_row][vc_row css_animation=&#8221;&#8221; row_type=&#8221;row&#8221; use_row_as_full_screen_section=&#8221;no&#8221; type=&#8221;grid&#8221; angled_section=&#8221;no&#8221; text_align=&#8221;center&#8221; background_image_as_pattern=&#8221;without_pattern&#8221; css=&#8221;.vc_custom_1675192834581{padding-top: 9% !important;background-position: center !important;background-repeat: no-repeat !important;background-size: cover !important;}&#8221; z_index=&#8221;&#8221;][vc_column width=&#8221;1\/2&#8243;][vc_separator type=&#8221;transparent&#8221; up=&#8221;-6&#8243;]<div class='q_icon_with_title small custom_icon_image center '><div class=\"icon_holder \" style=\" \"><img itemprop=\"image\" style=\"\" src=\"https:\/\/omcarlogistics.com\/wp-content\/uploads\/2023\/01\/post_office.png\" alt=\"\"><\/div><div class=\"icon_text_holder\" style=\"\"><div class=\"icon_text_inner\" style=\"\"><h3 class=\"icon_title\" style=\"\">Post Office (Muhaberat)<\/h3><p style=''>Kargo muhaberat, kargo \u015firketlerinin g\u00f6nderilen ve al\u0131nan \u00fcr\u00fcnlerin<br \/>\ntakip edilmesi i\u015flemidir.<\/p><\/div><\/div><\/div>[vc_empty_space height=&#8221;29px&#8221;]<div class='q_icon_with_title small custom_icon_image center '><div class=\"icon_holder \" style=\" \"><img itemprop=\"image\" style=\"\" src=\"https:\/\/omcarlogistics.com\/wp-content\/uploads\/2023\/01\/depo_yon_hiz.png\" alt=\"\"><\/div><div class=\"icon_text_holder\" style=\"\"><div class=\"icon_text_inner\" style=\"\"><h3 class=\"icon_title\" style=\"\">Depo Y\u00f6netimi<\/h3><p style=''>G\u00f6nderilen ve al\u0131nan \u00fcr\u00fcnlerin saklanmas\u0131, etiketlenmesi, kontrol edilmesi ve takip edilmesi i\u015flemlerinin y\u00fcr\u00fct\u00fcld\u00fc\u011f\u00fc bir s\u00fcre\u00e7tir.<\/p><\/div><\/div><\/div>[vc_empty_space height=&#8221;29px&#8221;]<div class='q_icon_with_title small custom_icon_image center '><div class=\"icon_holder \" style=\" \"><img itemprop=\"image\" style=\"\" src=\"https:\/\/omcarlogistics.com\/wp-content\/uploads\/2023\/01\/depo.png\" alt=\"\"><\/div><div class=\"icon_text_holder\" style=\"\"><div class=\"icon_text_inner\" style=\"\"><h3 class=\"icon_title\" style=\"\">Ma\u011fazalar Aras\u0131 Transfer<\/h3><p style=''>Ma\u011fazalar aras\u0131 transfer, bir perakende \u015firketinin kendi i\u00e7inde bulunan farkl\u0131 ma\u011fazalar\u0131 aras\u0131nda \u00fcr\u00fcnlerin ta\u015f\u0131nmas\u0131 s\u00fcrecidir.<\/p><\/div><\/div><\/div>[\/vc_column][vc_column width=&#8221;1\/2&#8243;][vc_separator type=&#8221;transparent&#8221; up=&#8221;-6&#8243;]<div class='q_icon_with_title small custom_icon_image center '><div class=\"icon_holder \" style=\" \"><img itemprop=\"image\" style=\"\" src=\"https:\/\/omcarlogistics.com\/wp-content\/uploads\/2023\/01\/urun_karsilama.png\" alt=\"\"><\/div><div class=\"icon_text_holder\" style=\"\"><div class=\"icon_text_inner\" style=\"\"><h3 class=\"icon_title\" style=\"\">\u00dcr\u00fcn Kar\u015f\u0131lama - Teslim Alma<\/h3><p style=''>\u00dcr\u00fcn kar\u015f\u0131lama ve teslim alma, firmalar taraf\u0131ndan g\u00f6nderilen \u00fcr\u00fcnlerin al\u0131nmas\u0131 ve depoya yerle\u015ftirilmesi s\u00fcrecidir.<\/p><\/div><\/div><\/div>[vc_empty_space height=&#8221;29px&#8221;]<div class='q_icon_with_title small custom_icon_image center '><div class=\"icon_holder \" style=\" \"><img itemprop=\"image\" style=\"\" src=\"https:\/\/omcarlogistics.com\/wp-content\/uploads\/2023\/01\/depo_yon.png\" alt=\"\"><\/div><div class=\"icon_text_holder\" style=\"\"><div class=\"icon_text_inner\" style=\"\"><h3 class=\"icon_title\" style=\"\">Da\u011f\u0131t\u0131m Hizmetleri<\/h3><p style=''>AVM i\u00e7i da\u011f\u0131t\u0131m hizmeti, al\u0131\u015fveri\u015f merkezlerinde sat\u0131lan \u00fcr\u00fcnlerin depo ve raflarda saklanmas\u0131, etiketlenmesi, kontrol edilmesi ve takip edilmesi i\u015flemlerinin y\u00fcr\u00fct\u00fcld\u00fc\u011f\u00fc bir s\u00fcre\u00e7tir.<\/p><\/div><\/div><\/div>[vc_empty_space height=&#8221;29px&#8221;]<div class='q_icon_with_title small custom_icon_image center '><div class=\"icon_holder \" style=\" \"><img itemprop=\"image\" style=\"\" src=\"https:\/\/omcarlogistics.com\/wp-content\/uploads\/2023\/01\/ek_hizmet.png\" alt=\"\"><\/div><div class=\"icon_text_holder\" style=\"\"><div class=\"icon_text_inner\" style=\"\"><h3 class=\"icon_title\" style=\"\">Ek Hizmetler<\/h3><p style=''>Ek hizmetlerimiz i\u00e7in taraf\u0131m\u0131zdan ayr\u0131ca bilgi alabilirsiniz.<\/p><\/div><\/div><\/div>[\/vc_column][\/vc_row][vc_row css_animation=&#8221;&#8221; row_type=&#8221;row&#8221; use_row_as_full_screen_section=&#8221;no&#8221; type=&#8221;grid&#8221; angled_section=&#8221;no&#8221; text_align=&#8221;center&#8221; background_image_as_pattern=&#8221;without_pattern&#8221; css=&#8221;.vc_custom_1675192971269{padding-top: 9% !important;background-position: center !important;background-repeat: no-repeat !important;background-size: cover !important;}&#8221; z_index=&#8221;&#8221;][vc_column offset=&#8221;vc_hidden-lg vc_hidden-md vc_hidden-sm vc_hidden-xs&#8221;][vc_empty_space height=&#8221;15px&#8221;][vc_column_text]<\/p>\n<h1>M\u00fc\u015fteri Memnuniyeti<\/h1>\n<p>[\/vc_column_text][vc_separator type=&#8221;small&#8221; position=&#8221;center&#8221; color=&#8221;#28803e&#8221; thickness=&#8221;4&#8243; width=&#8221;48&#8243; up=&#8221;19&#8243; down=&#8221;39&#8243;]<div class='testimonials_c_holder clearfix dark'><div class=\"testimonials_c testimonials_c_carousel\" data-show-navigation=\"yes\" data-animation-speed=\"\" data-auto-rotate-slides=\"3\" data-number-per-slide=\"3\"><ul class=\"slides\"><li id=\"testimonials-c-94\" class=\"testimonial_content\"><div class=\"testimonial_content_inner\"><div class=\"testimonial_image_holder\"><img src=\"https:\/\/omcarlogistics.com\/wp-content\/uploads\/2018\/01\/testimonial-1.png\" \/><\/div><div class=\"testimonial_title_holder\"><h5>\u201cMa&#8230;. Co..\u201d<\/h5><\/div><div class=\"testimonial_rating_holder\"><span class=\"testimonial_star_holder\"><span class=\"icon_star\"><\/span><\/span><span class=\"testimonial_star_holder\"><span class=\"icon_star\"><\/span><\/span><span class=\"testimonial_star_holder\"><span class=\"icon_star\"><\/span><\/span><span class=\"testimonial_star_holder\"><span class=\"icon_star\"><\/span><\/span><span class=\"testimonial_star_holder\"><span class=\"icon_star\"><\/span><\/span><\/div><div class=\"testimonial_text_holder\"><div class=\"testimonial_text_inner\" style=\"\"><p style='font-size:14px;'>Zaman\u0131nda teslimat konusunda \u00e7ok iyisiniz bizim i\u00e7in zaman \u00f6nemli.<\/p><p class=\"testimonial_author\" style=\"\">-Ahmet Sa.<\/p><\/div><\/div><\/div><\/li><li id=\"testimonials-c-93\" class=\"testimonial_content\"><div class=\"testimonial_content_inner\"><div class=\"testimonial_image_holder\"><img src=\"https:\/\/omcarlogistics.com\/wp-content\/uploads\/2018\/01\/testimonial-3.png\" \/><\/div><div class=\"testimonial_title_holder\"><h5>&#8220;En. Ho..&#8221;<\/h5><\/div><div class=\"testimonial_rating_holder\"><span class=\"testimonial_star_holder\"><span class=\"icon_star\"><\/span><\/span><span class=\"testimonial_star_holder\"><span class=\"icon_star\"><\/span><\/span><span class=\"testimonial_star_holder\"><span class=\"icon_star\"><\/span><\/span><span class=\"testimonial_star_holder\"><span class=\"icon_star\"><\/span><\/span><span class=\"testimonial_star_holder\"><span class=\"icon_star\"><\/span><\/span><\/div><div class=\"testimonial_text_holder\"><div class=\"testimonial_text_inner\" style=\"\"><p style='font-size:14px;'>Depolar aras\u0131 sevkiyat konusunda sorunsuz. Kusursuz teslimat i\u00e7in te\u015fekk\u00fcrler.<\/p><p class=\"testimonial_author\" style=\"\">-Sevgi Gu.<\/p><\/div><\/div><\/div><\/li><li id=\"testimonials-c-92\" class=\"testimonial_content\"><div class=\"testimonial_content_inner\"><div class=\"testimonial_image_holder\"><img src=\"https:\/\/omcarlogistics.com\/wp-content\/uploads\/2018\/01\/testimonial-2.png\" \/><\/div><div class=\"testimonial_title_holder\"><h5>&#8220;Ma.. Je..&#8221;<\/h5><\/div><div class=\"testimonial_rating_holder\"><span class=\"testimonial_star_holder\"><span class=\"icon_star\"><\/span><\/span><span class=\"testimonial_star_holder\"><span class=\"icon_star\"><\/span><\/span><span class=\"testimonial_star_holder\"><span class=\"icon_star\"><\/span><\/span><span class=\"testimonial_star_holder\"><span class=\"icon_star_alt\"><\/span><\/span><span class=\"testimonial_star_holder\"><span class=\"icon_star_alt\"><\/span><\/span><\/div><div class=\"testimonial_text_holder\"><div class=\"testimonial_text_inner\" style=\"\"><p style='font-size:14px;'>G\u00fcler y\u00fczl\u00fc hizmetiniz i\u00e7in te\u015fekk\u00fcr ederiz.<\/p><p class=\"testimonial_author\" style=\"\">-Ahmet As.<\/p><\/div><\/div><\/div><\/li><li id=\"testimonials-c-90\" class=\"testimonial_content\"><div class=\"testimonial_content_inner\"><div class=\"testimonial_image_holder\"><img src=\"https:\/\/omcarlogistics.com\/wp-content\/uploads\/2018\/01\/testimonial-3.png\" \/><\/div><div class=\"testimonial_title_holder\"><h5>&#8220;Me.. Ma..&#8221;<\/h5><\/div><div class=\"testimonial_rating_holder\"><span class=\"testimonial_star_holder\"><span class=\"icon_star\"><\/span><\/span><span class=\"testimonial_star_holder\"><span class=\"icon_star\"><\/span><\/span><span class=\"testimonial_star_holder\"><span class=\"icon_star\"><\/span><\/span><span class=\"testimonial_star_holder\"><span class=\"icon_star\"><\/span><\/span><span class=\"testimonial_star_holder\"><span class=\"icon_star\"><\/span><\/span><\/div><div class=\"testimonial_text_holder\"><div class=\"testimonial_text_inner\" style=\"\"><p style='font-size:14px;'>\u0130leti\u015fim konusunda ger\u00e7ekten sizlerele \u00e7ok iyi anla\u015f\u0131yoruz.<\/p><p class=\"testimonial_author\" style=\"\">-Tar\u0131k Bo.<\/p><\/div><\/div><\/div><\/li><li id=\"testimonials-c-88\" class=\"testimonial_content\"><div class=\"testimonial_content_inner\"><div class=\"testimonial_image_holder\"><img src=\"https:\/\/omcarlogistics.com\/wp-content\/uploads\/2018\/01\/testimonial-2.png\" \/><\/div><div class=\"testimonial_title_holder\"><h5>&#8220;Bo&#8230;.&#8221;<\/h5><\/div><div class=\"testimonial_rating_holder\"><span class=\"testimonial_star_holder\"><span class=\"icon_star\"><\/span><\/span><span class=\"testimonial_star_holder\"><span class=\"icon_star\"><\/span><\/span><span class=\"testimonial_star_holder\"><span class=\"icon_star\"><\/span><\/span><span class=\"testimonial_star_holder\"><span class=\"icon_star_alt\"><\/span><\/span><span class=\"testimonial_star_holder\"><span class=\"icon_star_alt\"><\/span><\/span><\/div><div class=\"testimonial_text_holder\"><div class=\"testimonial_text_inner\" style=\"\"><p style='font-size:14px;'>M\u00fckemmel bir depolama hizmetiniz var. Te\u015fekk\u00fcr ederiz.<\/p><p class=\"testimonial_author\" style=\"\">-Nesrin At.<\/p><\/div><\/div><\/div><\/li><li id=\"testimonials-c-86\" class=\"testimonial_content\"><div class=\"testimonial_content_inner\"><div class=\"testimonial_image_holder\"><img src=\"https:\/\/omcarlogistics.com\/wp-content\/uploads\/2018\/01\/testimonial-1.png\" \/><\/div><div class=\"testimonial_title_holder\"><h5>\u201cZa..\u201d<\/h5><\/div><div class=\"testimonial_rating_holder\"><span class=\"testimonial_star_holder\"><span class=\"icon_star\"><\/span><\/span><span class=\"testimonial_star_holder\"><span class=\"icon_star\"><\/span><\/span><span class=\"testimonial_star_holder\"><span class=\"icon_star\"><\/span><\/span><span class=\"testimonial_star_holder\"><span class=\"icon_star\"><\/span><\/span><span class=\"testimonial_star_holder\"><span class=\"icon_star_alt\"><\/span><\/span><\/div><div class=\"testimonial_text_holder\"><div class=\"testimonial_text_inner\" style=\"\"><p style='font-size:14px;'>M\u00fc\u015fterilerin sab\u0131r\u0131z bekleyi\u015fi olmadan teslimat harika.<\/p><p class=\"testimonial_author\" style=\"\">-Mesut Ge.<\/p><\/div><\/div><\/div><\/li><\/ul><\/div><\/div>[\/vc_column][\/vc_row][vc_row css_animation=&#8221;&#8221; row_type=&#8221;row&#8221; use_row_as_full_screen_section=&#8221;no&#8221; type=&#8221;grid&#8221; angled_section=&#8221;no&#8221; text_align=&#8221;left&#8221; background_image_as_pattern=&#8221;without_pattern&#8221; css=&#8221;.vc_custom_1675230762724{background-color: #28803e !important;}&#8221; z_index=&#8221;&#8221;][vc_column offset=&#8221;vc_hidden-lg vc_hidden-md vc_hidden-sm vc_hidden-xs&#8221;]<div class=\"container_inner\"><div class=\"call_to_action normal\" style=\"background-color: #28803e;\"><div class=\"two_columns_75_25 clearfix\"><div class=\"text_wrapper column1\"><div class=\"call_to_action_text \" style=\"\">\n<h2>Hizmetlerimiz hakk\u0131nda bilgi almak i\u00e7in aray\u0131n: <span style=\"color: #ffffff;\">0549 776 15 16<\/span><\/h2>\n<h5 style=\"text-align: left; color: #ffffff;\">AVM i\u00e7i operasyonel da\u011f\u0131t\u0131mda bir numara&#8230;.<\/h5>\n<\/div><\/div><div class=\"button_wrapper column2\"><a itemprop=\"url\" href=\"https:\/\/trafiklojistik.com\/index.php\/iletisim\/\" class=\"qbutton white \" target=\"_self\" style=\"color: #1a1a1a;border-color: #ffffff;background-color: #ffffff;\"data-hover-background-color=#1a1a1a data-hover-border-color=#1a1a1a data-hover-color=#ffffff>\u0130leti\u015fim<\/a><\/div><\/div><\/div><\/div>[\/vc_column][\/vc_row]<\/p>\n","protected":false},"excerpt":{"rendered":"<p>[vc_row css_animation=&#8221;&#8221; row_type=&#8221;row&#8221; use_row_as_full_screen_section=&#8221;no&#8221; type=&#8221;full_width&#8221; angled_section=&#8221;no&#8221; text_align=&#8221;left&#8221; background_image_as_pattern=&#8221;without_pattern&#8221; z_index=&#8221;&#8221;][vc_column][rev_slider_vc alias=&#8221;home-slider&#8221;][\/vc_column][\/vc_row][vc_row css_animation=&#8221;&#8221; row_type=&#8221;row&#8221; use_row_as_full_screen_section=&#8221;no&#8221; type=&#8221;grid&#8221; angled_section=&#8221;no&#8221; text_align=&#8221;center&#8221; background_image_as_pattern=&#8221;without_pattern&#8221; z_index=&#8221;&#8221; css=&#8221;.vc_custom_1515744295490{background-color: #ecebeb !important;}&#8221;][vc_column css=&#8221;.vc_custom_1515594685991{margin-top: -14% !important;}&#8221;][vc_row_inner row_type=&#8221;row&#8221; type=&#8221;full_width&#8221; text_align=&#8221;center&#8221; css_animation=&#8221;&#8221;][vc_column_inner offset=&#8221;vc_col-md-4&#8243;][qode_elements_holder number_of_columns=&#8221;one_column&#8221;][qode_elements_holder_item background_color=&#8221;#ffffff&#8221; item_padding=&#8221;13% 11% 13% 11%&#8221; advanced_animations=&#8221;no&#8221;][vc_single_image image=&#8221;277&#8243; img_size=&#8221;full&#8221; alignment=&#8221;center&#8221; qode_css_animation=&#8221;&#8221;][vc_empty_space height=&#8221;34px&#8221;][vc_column_text] G\u00fcvenli Depolama [\/vc_column_text][vc_empty_space height=&#8221;13px&#8221;][vc_column_text]Omcar&#8230;<\/p>\n","protected":false},"author":1,"featured_media":0,"parent":0,"menu_order":0,"comment_status":"closed","ping_status":"closed","template":"full_width.php","meta":[],"_links":{"self":[{"href":"https:\/\/omcarlogistics.com\/index.php\/wp-json\/wp\/v2\/pages\/230"}],"collection":[{"href":"https:\/\/omcarlogistics.com\/index.php\/wp-json\/wp\/v2\/pages"}],"about":[{"href":"https:\/\/omcarlogistics.com\/index.php\/wp-json\/wp\/v2\/types\/page"}],"author":[{"embeddable":true,"href":"https:\/\/omcarlogistics.com\/index.php\/wp-json\/wp\/v2\/users\/1"}],"replies":[{"embeddable":true,"href":"https:\/\/omcarlogistics.com\/index.php\/wp-json\/wp\/v2\/comments?post=230"}],"version-history":[{"count":30,"href":"https:\/\/omcarlogistics.com\/index.php\/wp-json\/wp\/v2\/pages\/230\/revisions"}],"predecessor-version":[{"id":328,"href":"https:\/\/omcarlogistics.com\/index.php\/wp-json\/wp\/v2\/pages\/230\/revisions\/328"}],"wp:attachment":[{"href":"https:\/\/omcarlogistics.com\/index.php\/wp-json\/wp\/v2\/media?parent=230"}],"curies":[{"name":"wp","href":"https:\/\/api.w.org\/{rel}","templated":true}]}}